{"id":303,"date":"2023-10-10T21:53:29","date_gmt":"2023-10-10T19:53:29","guid":{"rendered":"http:\/\/musikverlag-aloiswimmer.at\/?page_id=303"},"modified":"2025-09-03T23:28:48","modified_gmt":"2025-09-03T21:28:48","slug":"volksmusik","status":"publish","type":"page","link":"http:\/\/musikverlag-aloiswimmer.at\/?page_id=303","title":{"rendered":"Volksmusik"},"content":{"rendered":"<p>[et_pb_section fb_built=&#8220;1&#8243; _builder_version=&#8220;4.22.2&#8243; _module_preset=&#8220;default&#8220; use_background_color_gradient=&#8220;on&#8220; background_color_gradient_type=&#8220;circular&#8220; background_color_gradient_stops=&#8220;rgba(255,222,36,0.79) 0%|#ffffff 72%&#8220; background_color_gradient_overlays_image=&#8220;on&#8220; background_image=&#8220;https:\/\/musikverlag-aloiswimmer.at\/wp-content\/uploads\/2023\/12\/accordion-536333_1280.jpg&#8220; background_position=&#8220;center_right&#8220; global_colors_info=&#8220;{}&#8220; header_2_font_size_tablet=&#8220;50px&#8220; header_2_font_size_phone=&#8220;30px&#8220; header_2_font_size_last_edited=&#8220;on|phone&#8220; header_3_font_size_last_edited=&#8220;on|phone&#8220; header_3_font_size_tablet=&#8220;1.5em&#8220; header_3_font_size_phone=&#8220;1.5em&#8220;][et_pb_row _builder_version=&#8220;4.22.1&#8243; _module_preset=&#8220;default&#8220; global_colors_info=&#8220;{}&#8220;][et_pb_column type=&#8220;4_4&#8243; _builder_version=&#8220;4.22.1&#8243; _module_preset=&#8220;default&#8220; global_colors_info=&#8220;{}&#8220;][et_pb_text _builder_version=&#8220;4.22.2&#8243; _module_preset=&#8220;default&#8220; header_font=&#8220;|||on|||||&#8220; header_text_color=&#8220;#000000&#8243; header_font_size=&#8220;4em&#8220; header_font_size_tablet=&#8220;4em&#8220; header_font_size_phone=&#8220;2.5em&#8220; header_font_size_last_edited=&#8220;on|desktop&#8220; global_colors_info=&#8220;{}&#8220;]<\/p>\n<h1 style=\"text-align: center;\"><span style=\"font-size: xx-large;\"><strong>Volksmusik<\/strong><\/span><\/h1>\n<p>[\/et_pb_text][\/et_pb_column][\/et_pb_row][\/et_pb_section][et_pb_section fb_built=&#8220;1&#8243; admin_label=&#8220;Services&#8220; module_id=&#8220;er\u00f6ffnung&#8220; _builder_version=&#8220;4.22.2&#8243; use_background_color_gradient=&#8220;on&#8220; background_color_gradient_stops=&#8220;#ffffff 0%|rgba(255,222,36,0.35) 98%&#8220; background_enable_image=&#8220;off&#8220; background_size=&#8220;initial&#8220; background_position=&#8220;top_center&#8220; custom_padding=&#8220;0|0px|2em|0px|false|false&#8220; global_colors_info=&#8220;{}&#8220;][et_pb_row column_structure=&#8220;1_3,1_3,1_3&#8243; use_custom_gutter=&#8220;on&#8220; gutter_width=&#8220;2&#8243; _builder_version=&#8220;4.22.1&#8243; background_color=&#8220;RGBA(255,255,255,0)&#8220; custom_margin=&#8220;||1em||false|false&#8220; custom_padding=&#8220;0em|1em|0em|1em|true|true&#8220; global_colors_info=&#8220;{}&#8220;][et_pb_column type=&#8220;1_3&#8243; _builder_version=&#8220;4.22.1&#8243; custom_padding=&#8220;0.5em|0.5em|0.5em|0.5em|true|false&#8220; box_shadow_style=&#8220;preset3&#8243; global_colors_info=&#8220;{}&#8220;][et_pb_text _builder_version=&#8220;4.23.4&#8243; text_font=&#8220;Arial||||||||&#8220; header_2_font=&#8220;Fjalla One||||||||&#8220; header_2_font_size=&#8220;60px&#8220; header_2_line_height=&#8220;1.2em&#8220; header_3_font_size=&#8220;1.5em&#8220; header_2_font_size_tablet=&#8220;50px&#8220; header_2_font_size_phone=&#8220;30px&#8220; header_2_font_size_last_edited=&#8220;on|phone&#8220; header_3_font_size_tablet=&#8220;1.5em&#8220; header_3_font_size_phone=&#8220;1.5em&#8220; header_3_font_size_last_edited=&#8220;on|phone&#8220; global_colors_info=&#8220;{}&#8220;]<\/p>\n<h3><b>10 VOLKSMUSIKST\u00dcCKE DER GRESSN-KLARINETTENMUSI&#8220;<br \/><\/b><\/h3>\n<p><span>2-3 Klarinetten und Begleitung<br \/><\/span><\/p>\n<p><span><\/span><\/p>\n<p><span><strong>Grad<\/strong>: 2-4<br \/><\/span><span><strong>Dauer<\/strong>: je 2-3&#8242;<\/span><\/p>\n<p>[\/et_pb_text][et_pb_toggle title=&#8220;Mehr&#8220; open_toggle_background_color=&#8220;RGBA(255,255,255,0)&#8220; closed_toggle_background_color=&#8220;RGBA(255,255,255,0)&#8220; icon_color=&#8220;#FFDE24&#8243; toggle_icon=&#8220;&#x47;||divi||400&#8243; use_icon_font_size=&#8220;on&#8220; icon_font_size=&#8220;15px&#8220; open_icon_color=&#8220;#FFDE24&#8243; open_toggle_icon=&#8220;&#x46;||divi||400&#8243; open_use_icon_font_size=&#8220;on&#8220; open_icon_font_size=&#8220;19px&#8220; _builder_version=&#8220;4.22.2&#8243; _module_preset=&#8220;default&#8220; body_font=&#8220;Arial||||||||&#8220; custom_padding=&#8220;0px|0px|0px|0px|false|false&#8220; border_radii=&#8220;on|2px|2px|2px|2px&#8220; border_color_all=&#8220;#7D713B&#8220; global_colors_info=&#8220;{}&#8220;]<\/p>\n<h2><span style=\"color: #000000;\"><strong><u>10 Volksmusikst\u00fccke<\/u><\/strong><strong>\u00a0<\/strong><\/span><\/h2>\n<p><strong>aus dem Repertoire der &#8222;<\/strong><strong>Gressn &#8211; Klarinettenmusi&#8220;<\/strong><\/p>\n<p>aufbereitet f\u00fcr \u201eNotenleser\u201c von Alois Wimmer<\/p>\n<p><strong>\u00a0<\/strong>f\u00fcr <u>2 oder 3 Klarinetten in Bb<\/u> (incl. Melodiestimmen in C) und<\/p>\n<p><u>Begleitung in C<\/u> <u>(<\/u><u>Harmonika<\/u>, <u>Gitarre<\/u> oder Harfe oder Hackbrett (nach Akkordbezifferung) und<\/p>\n<p><u>Bassinstrument in C<\/u> oder <u>Bassklarinette in Bb<\/u><\/p>\n<p><strong><u>INHALT<\/u><\/strong><\/p>\n<ol>\n<li>Fensterstock &#8211; Boarischer<\/li>\n<li>Auf da Schia\u00dfstatt, Walzer<\/li>\n<li>D\u00b4Hollerstaudn, Polka<\/li>\n<li>In da nassn Au, Boarischer<\/li>\n<li>In da Ofenlugga, Weise<\/li>\n<li>Leberkas, Polka<\/li>\n<li>Marokkaner, Walzer<\/li>\n<li>Pferderl-Boarischer<\/li>\n<li>Da Schwammerling, Walzer<\/li>\n<li>Seggauer Herzl, Weise<\/li>\n<\/ol>\n<p><strong>Auff\u00fchrungshinweise<\/strong><\/p>\n<p>Vorliegendes Notenmaterial stellt <u>eine<\/u> M\u00f6glichkeit dar, wie diese St\u00fccke gespielt werden k\u00f6nnen. Die <strong>Oktavierungsvorschl\u00e4ge<\/strong> in den Melodiestimmen k\u00f6nnen nach Belieben abge\u00e4ndert werden, es sollte aber <strong><u>nie<\/u><\/strong> die 3. Stimme (jene, die mit der Quint einen Teil beschlie\u00dft) die h\u00f6chste Stimme sein. Weiters sollten\u00a0 die drei Melodiestimmen immer in <strong>enger Lage<\/strong> gef\u00fchrt werden. Auch die <strong>\u201etacet\u201c &#8211; Angaben<\/strong> im Bass und in der Melodie sind nur Vorschl\u00e4ge, um die Interpretation abwechslungsreicher zu gestalten. Je nach Besetzung k\u00f6nnen auch andere \u201etacet\u201c &#8211; M\u00f6glichkeiten eingearbeitet werden.<\/p>\n<p>Alle <strong>Artikulationszeichen<\/strong> k\u00f6nnen zwar ebenso ge\u00e4ndert werden, sie sollten aber &#8211; besonders in den Melodiestimmen &#8211; unbedingt gemeinsam streng eingehalten werden. Der Gegensatz zwischen einerseits dem breiten, weichen, melodi\u00f6sen Spiel (tenuto-Striche, Phrasierungsb\u00f6gen) und andererseits dem kurzen, kecken Spiel (staccato-Punkte) ist in der Volksmusik besonders wichtig und muss immer sehr deutlich sein. In der Praxis bedeutet dies, dass <strong>das staccato so kurz wie m\u00f6glich, das tenuto so breit wie m\u00f6glich<\/strong> gespielt werden soll.<\/p>\n<p><strong>\u00a0<\/strong>Ein wichtiges Ziel sollte sein, sich m\u00f6glichst bald vom Notenmaterial zu l\u00f6sen, auswendig zu spielen und dabei <strong>eigene Kreativit\u00e4t<\/strong> einflie\u00dfen zu lassen.<\/p>\n<p>[\/et_pb_toggle][et_pb_button button_url=&#8220;https:\/\/musikverlag-aloiswimmer.at\/wp-content\/uploads\/10-Volksmusikstuecke-Partitur-b.pdf&#8220; url_new_window=&#8220;on&#8220; button_text=&#8220;Partitur downloaden&#8220; _builder_version=&#8220;4.23.4&#8243; _module_preset=&#8220;default&#8220; custom_button=&#8220;on&#8220; button_text_size=&#8220;15px&#8220; button_bg_color=&#8220;#FDE77B&#8220; button_font=&#8220;Arial||||||||&#8220; hover_enabled=&#8220;0&#8243; global_colors_info=&#8220;{}&#8220; sticky_enabled=&#8220;0&#8243;][\/et_pb_button][et_pb_button button_url=&#8220;https:\/\/musikverlag-aloiswimmer.at\/wp-content\/uploads\/10-Volksmusikstuecke-A5-b.pdf&#8220; url_new_window=&#8220;on&#8220; button_text=&#8220;Stimme A5 downloaden&#8220; _builder_version=&#8220;4.23.4&#8243; _module_preset=&#8220;default&#8220; custom_button=&#8220;on&#8220; button_text_size=&#8220;15px&#8220; button_bg_color=&#8220;#FDE77B&#8220; button_font=&#8220;Arial||||||||&#8220; hover_enabled=&#8220;0&#8243; global_colors_info=&#8220;{}&#8220; sticky_enabled=&#8220;0&#8243;][\/et_pb_button][et_pb_audio audio=&#8220;https:\/\/musikverlag-aloiswimmer.at\/wp-content\/uploads\/2023\/10\/10-Volksmusikstuecke-Fensterstock-Boarischer.mp3&#8243; title=&#8220;1. Fensterstock-Boarischer&#8220; _builder_version=&#8220;4.22.2&#8243; title_font=&#8220;Arial||||||||&#8220; title_text_align=&#8220;left&#8220; title_text_color=&#8220;#474747&#8243; title_font_size=&#8220;16px&#8220; caption_font=&#8220;||||||||&#8220; caption_text_align=&#8220;left&#8220; caption_text_color=&#8220;#7D713B&#8220; background_color=&#8220;rgba(0,0,0,0)&#8220; background_layout=&#8220;light&#8220; max_width=&#8220;650px&#8220; max_width_tablet=&#8220;&#8220; max_width_phone=&#8220;&#8220; max_width_last_edited=&#8220;on|desktop&#8220; custom_margin=&#8220;2em||2em||true|false&#8220; custom_padding=&#8220;0px|0px|0px|0px|true|false&#8220; global_colors_info=&#8220;{}&#8220;][\/et_pb_audio][et_pb_audio audio=&#8220;https:\/\/musikverlag-aloiswimmer.at\/wp-content\/uploads\/2023\/10\/10-Volksmusikstuecke-Seggauer-Herzl.mp3&#8243; title=&#8220;10. Seggauer Herzl&#8220; _builder_version=&#8220;4.22.2&#8243; title_font=&#8220;Arial||||||||&#8220; title_text_align=&#8220;left&#8220; title_text_color=&#8220;#474747&#8243; title_font_size=&#8220;16px&#8220; caption_font=&#8220;||||||||&#8220; caption_text_align=&#8220;left&#8220; caption_text_color=&#8220;#7D713B&#8220; background_color=&#8220;rgba(0,0,0,0)&#8220; background_layout=&#8220;light&#8220; max_width=&#8220;650px&#8220; max_width_tablet=&#8220;&#8220; max_width_phone=&#8220;&#8220; max_width_last_edited=&#8220;on|desktop&#8220; custom_margin=&#8220;2em||2em||true|false&#8220; custom_padding=&#8220;0px|0px|0px|0px|true|false&#8220; global_colors_info=&#8220;{}&#8220;][\/et_pb_audio][et_pb_button button_url=&#8220;https:\/\/musikverlag-aloiswimmer.at\/?page_id=1327&#8243; url_new_window=&#8220;on&#8220; button_text=&#8220;Einige St\u00fccke dieser Ausgabe sind auf der CD %22Gressn-Musi Vol.1%22 eingespielt!&#8220; _builder_version=&#8220;4.23.4&#8243; _module_preset=&#8220;default&#8220; custom_button=&#8220;on&#8220; button_text_size=&#8220;15px&#8220; button_bg_color=&#8220;#FDE77B&#8220; button_font=&#8220;Arial||||||||&#8220; custom_margin=&#8220;||0px||false|false&#8220; custom_padding=&#8220;||0px|||&#8220; global_colors_info=&#8220;{}&#8220;][\/et_pb_button][et_pb_cta _builder_version=&#8220;4.22.2&#8243; _module_preset=&#8220;default&#8220; header_font=&#8220;|||on|||||&#8220; header_text_color=&#8220;#000000&#8243; body_text_align=&#8220;right&#8220; body_text_color=&#8220;#7D713B&#8220; body_line_height=&#8220;0em&#8220; background_color=&#8220;RGBA(255,255,255,0)&#8220; transform_rotate=&#8220;0deg|0deg|0deg&#8220; transform_rotate_tablet=&#8220;0deg|0deg|0deg&#8220; transform_rotate_phone=&#8220;0deg|0deg|0deg&#8220; transform_rotate_last_edited=&#8220;on|phone&#8220; transform_styles_last_edited=&#8220;on|phone&#8220; module_alignment=&#8220;center&#8220; custom_padding=&#8220;1em|0px|0px|0px|false|false&#8220; transform_styles_tablet=&#8220;&#8220; transform_styles_phone=&#8220;&#8220; locked=&#8220;off&#8220; global_colors_info=&#8220;{}&#8220;]<\/p>\n<p style=\"text-align: center;\"><a href=\"mailto:musikverlag-aloiswimmer@aon.at\"><span style=\"text-decoration: underline;\">hier bestellen<\/span><\/a> \u00a0\u00a0\u00a0\u00a0\u00a0\u00a0\u00a0\u00a0\u00a0\u00a0\u00a0\u00a0\u00a0 \u00a0 \u00a0 \u00a0 \u00a0\u00a0\u00a0\u00a0\u00a0 \u20ac 29,-<\/p>\n<p>[\/et_pb_cta][\/et_pb_column][et_pb_column type=&#8220;1_3&#8243; _builder_version=&#8220;4.16&#8243; custom_padding=&#8220;0.5em|0.5em|0.5em|0.5em|true|false&#8220; box_shadow_style=&#8220;preset3&#8243; global_colors_info=&#8220;{}&#8220;][et_pb_text _builder_version=&#8220;4.23.4&#8243; text_font=&#8220;Arial||||||||&#8220; header_2_font=&#8220;Fjalla One||||||||&#8220; header_2_font_size=&#8220;60px&#8220; header_2_line_height=&#8220;1.2em&#8220; header_3_font_size=&#8220;1.5em&#8220; header_2_font_size_tablet=&#8220;50px&#8220; header_2_font_size_phone=&#8220;30px&#8220; header_2_font_size_last_edited=&#8220;on|phone&#8220; header_3_font_size_tablet=&#8220;1.5em&#8220; header_3_font_size_phone=&#8220;1.5em&#8220; header_3_font_size_last_edited=&#8220;on|phone&#8220; global_colors_info=&#8220;{}&#8220;]<\/p>\n<h3><strong>12 VOLKSMUSIKST\u00dcCKE DER D\u00dcRNBERG-KLARINETTENMUSI&#8220;<\/strong><\/h3>\n<p><span>2-3 Klarinetten und Begleitung<br \/><\/span><span><strong><\/strong><\/span><\/p>\n<p><span><\/span><\/p>\n<p><span><strong>Grad<\/strong>: 2-4<br \/><\/span><span><strong>Dauer<\/strong>: je 2-3&#8242;<\/span><\/p>\n<p>[\/et_pb_text][et_pb_toggle title=&#8220;Mehr&#8220; open_toggle_background_color=&#8220;RGBA(255,255,255,0)&#8220; closed_toggle_background_color=&#8220;RGBA(255,255,255,0)&#8220; icon_color=&#8220;#FFDE24&#8243; toggle_icon=&#8220;&#x47;||divi||400&#8243; use_icon_font_size=&#8220;on&#8220; icon_font_size=&#8220;15px&#8220; open_icon_color=&#8220;#FFDE24&#8243; open_toggle_icon=&#8220;&#x46;||divi||400&#8243; open_use_icon_font_size=&#8220;on&#8220; open_icon_font_size=&#8220;19px&#8220; _builder_version=&#8220;4.22.2&#8243; _module_preset=&#8220;default&#8220; body_font=&#8220;Arial||||||||&#8220; custom_padding=&#8220;0px|0px|0px|0px|false|false&#8220; border_radii=&#8220;on|2px|2px|2px|2px&#8220; border_color_all=&#8220;#7D713B&#8220; global_colors_info=&#8220;{}&#8220;]<\/p>\n<h2><span style=\"color: #000000;\"><strong><u>12 Volksmusikst\u00fccke<\/u><\/strong><strong>\u00a0<\/strong><\/span><\/h2>\n<p><strong>aus dem Repertoire der &#8222;D\u00fcrnberg &#8211; Klarinettenmusi&#8220;<\/strong><\/p>\n<p>von <strong>Klaus Karl<\/strong><\/p>\n<p>aufbereitet f\u00fcr \u201eNotenleser\u201c von Alois Wimmer<\/p>\n<p>f\u00fcr <strong><u>2 oder 3 Klarinetten in Bb<\/u> <\/strong>(incl. Melodiestimmen in C)<\/p>\n<p>und <strong><u>Begleitung in C<\/u> <\/strong>(<u>Harmonika<\/u>, <u>Gitarre<\/u> oder Harfe oder Hackbrett (nach Akkordbezifferung)<\/p>\n<p>und <u>Bassinstrument in C<\/u> oder <strong><u>Bassklarinette in Bb<\/u><\/strong><\/p>\n<p><strong>\u00a0<\/strong><strong><u>INHALT:<\/u><\/strong><strong>\u00a0<\/strong><\/p>\n<ol>\n<li>In da Reindlm\u00fchl, Boarischer<\/li>\n<li>Auf da Schia\u00dfstatt, Walzer<\/li>\n<li>Bierkr\u00fcgl-Polka<\/li>\n<li>Beim Sollererwirt, Boarischer<\/li>\n<li>Weinglasl-Walzer<\/li>\n<li>Da Flohhupfer, Polka<\/li>\n<li>D\u00b4Schneegwadn, Boarischer<\/li>\n<li>D\u00b4Neb\u00fcsuppn, Walzer<\/li>\n<li>\u00dcber d\u00b4Leitn, Polka<\/li>\n<li>Pf\u00fcat di Gott, Lackerl!, Boarischer<\/li>\n<li>Da Schwammerling, Walzer<\/li>\n<li>Am Bauernmarkt, Boarischer<\/li>\n<\/ol>\n<p>Alle zw\u00f6lf St\u00fccke sind auf der CD <strong>\u201eD\u00fcrnberg-Klarinettenmusi &amp; Genie\u00dfermusi \u2013 Die Zweite\u201c <\/strong>eingespielt.<\/p>\n<p>\u00ad\u00ad<\/p>\n<p>Vorliegendes Notenmaterial stellt <u>eine<\/u> M\u00f6glichkeit dar, wie diese St\u00fccke gespielt werden k\u00f6nnen. Die <strong>Oktavierungsvorschl\u00e4ge<\/strong> in den Melodiestimmen k\u00f6nnen nach Belieben abge\u00e4ndert werden, es sollte aber <strong><u>nie<\/u><\/strong> die 3. Stimme (jene, die mit der Quint einen Teil beschlie\u00dft) die h\u00f6chste Stimme sein. Weiters sollten\u00a0 die drei Melodie-stimmen immer in <strong>enger Lage<\/strong> gef\u00fchrt werden. Auch die <strong>\u201etacet\u201c &#8211; Angaben<\/strong> im Bass und in der Melodie sind nur Vorschl\u00e4ge, um die Interpretation abwechslungsreicher zu gestalten. Je nach Besetzung k\u00f6nnen auch andere \u201etacet\u201c &#8211; M\u00f6glichkeiten eingearbeitet werden.<\/p>\n<p>Alle <strong>Artikulationszeichen<\/strong> k\u00f6nnen zwar ebenso ge\u00e4ndert werden, sie sollten aber &#8211; besonders in den Melodiestimmen &#8211; unbedingt gemeinsam streng eingehalten werden. Der Gegensatz zwischen einerseits dem breiten, weichen, melodi\u00f6sen Spiel (tenuto-Striche, Phrasierungsb\u00f6gen) und andererseits dem kurzen, kecken Spiel (staccato-Punkte) ist in der Volksmusik besonders wichtig und muss immer sehr deutlich sein. In der Praxis bedeutet dies, dass <strong>das staccato so kurz wie m\u00f6glich, das tenuto so breit wie m\u00f6glich<\/strong> gespielt werden soll.<\/p>\n<p><strong>\u00a0<\/strong>Ein wichtiges Ziel sollte sein, sich m\u00f6glichst bald vom Notenmaterial zu l\u00f6sen, auswendig zu spielen und dabei <strong>eigene Kreativit\u00e4t<\/strong> einflie\u00dfen zu lassen.<\/p>\n<p>[\/et_pb_toggle][et_pb_button button_url=&#8220;https:\/\/musikverlag-aloiswimmer.at\/wp-content\/uploads\/12-Volksmusikstuecke-Partitur-b.pdf&#8220; url_new_window=&#8220;on&#8220; button_text=&#8220;Partitur downloaden&#8220; _builder_version=&#8220;4.23.4&#8243; _module_preset=&#8220;default&#8220; custom_button=&#8220;on&#8220; button_text_size=&#8220;15px&#8220; button_bg_color=&#8220;#FDE77B&#8220; button_font=&#8220;Arial||||||||&#8220; hover_enabled=&#8220;0&#8243; global_colors_info=&#8220;{}&#8220; sticky_enabled=&#8220;0&#8243;][\/et_pb_button][et_pb_button button_url=&#8220;https:\/\/musikverlag-aloiswimmer.at\/wp-content\/uploads\/12-Volksmusikstuecke-A5-b.pdf&#8220; url_new_window=&#8220;on&#8220; button_text=&#8220;Stimme A5 downloaden&#8220; _builder_version=&#8220;4.23.4&#8243; _module_preset=&#8220;default&#8220; custom_button=&#8220;on&#8220; button_text_size=&#8220;15px&#8220; button_bg_color=&#8220;#FDE77B&#8220; button_font=&#8220;Arial||||||||&#8220; hover_enabled=&#8220;0&#8243; global_colors_info=&#8220;{}&#8220; sticky_enabled=&#8220;0&#8243;][\/et_pb_button][et_pb_audio audio=&#8220;https:\/\/musikverlag-aloiswimmer.at\/wp-content\/uploads\/2023\/10\/12-Volksmusikstuecke-Weinglasl-Walzer.mp3&#8243; title=&#8220;5. Weinglasl-Walzer&#8220; _builder_version=&#8220;4.22.2&#8243; title_font=&#8220;Arial||||||||&#8220; title_text_align=&#8220;left&#8220; title_text_color=&#8220;#474747&#8243; title_font_size=&#8220;15px&#8220; caption_font=&#8220;||||||||&#8220; caption_text_align=&#8220;left&#8220; caption_text_color=&#8220;#7D713B&#8220; background_color=&#8220;rgba(0,0,0,0)&#8220; background_layout=&#8220;light&#8220; max_width=&#8220;650px&#8220; max_width_tablet=&#8220;&#8220; max_width_phone=&#8220;&#8220; max_width_last_edited=&#8220;on|desktop&#8220; custom_margin=&#8220;2em||2em||true|false&#8220; custom_padding=&#8220;0px|0px|0px|0px|true|false&#8220; global_colors_info=&#8220;{}&#8220;][\/et_pb_audio][et_pb_button button_url=&#8220;https:\/\/musikverlag-aloiswimmer.at\/?page_id=1327#dkm&#8220; url_new_window=&#8220;on&#8220; button_text=&#8220;Alle St\u00fccke dieser Ausgabe sind auf der CD %22D\u00fcrnberg-Klarinettenmusi &#038; Genie\u00dfermusi Vol. 2%22 eingespielt!&#8220; _builder_version=&#8220;4.23.4&#8243; _module_preset=&#8220;default&#8220; custom_button=&#8220;on&#8220; button_text_size=&#8220;15px&#8220; button_bg_color=&#8220;#FDE77B&#8220; button_font=&#8220;Arial||||||||&#8220; custom_margin=&#8220;0px||0px||true|false&#8220; custom_padding=&#8220;||0px|||&#8220; global_colors_info=&#8220;{}&#8220;][\/et_pb_button][et_pb_cta _builder_version=&#8220;4.22.2&#8243; _module_preset=&#8220;default&#8220; header_font=&#8220;|||on|||||&#8220; header_text_color=&#8220;#000000&#8243; body_text_align=&#8220;right&#8220; body_text_color=&#8220;#7D713B&#8220; body_line_height=&#8220;0em&#8220; background_color=&#8220;RGBA(255,255,255,0)&#8220; transform_rotate=&#8220;0deg|340deg|0deg&#8220; transform_rotate_tablet=&#8220;0deg|0deg|0deg&#8220; module_alignment=&#8220;center&#8220; custom_padding=&#8220;1em|0px|0px|0px|false|false&#8220; locked=&#8220;off&#8220; global_colors_info=&#8220;{}&#8220;]<\/p>\n<p style=\"text-align: center;\"><a href=\"mailto:musikverlag-aloiswimmer@aon.at\"><span style=\"text-decoration: underline;\">hier bestellen<\/span><\/a> \u00a0\u00a0\u00a0\u00a0\u00a0\u00a0\u00a0\u00a0\u00a0\u00a0\u00a0\u00a0\u00a0 \u00a0 \u00a0 \u00a0 \u00a0\u00a0\u00a0\u00a0\u00a0 \u20ac 35,-<\/p>\n<p>[\/et_pb_cta][\/et_pb_column][et_pb_column type=&#8220;1_3&#8243; _builder_version=&#8220;4.16&#8243; custom_padding=&#8220;0.5em|0.5em|0.5em|0.5em|true|false&#8220; box_shadow_style=&#8220;preset3&#8243; global_colors_info=&#8220;{}&#8220;][et_pb_text _builder_version=&#8220;4.23.4&#8243; text_font=&#8220;Arial||||||||&#8220; header_2_font=&#8220;Fjalla One||||||||&#8220; header_2_font_size=&#8220;60px&#8220; header_2_line_height=&#8220;1.2em&#8220; header_3_font_size=&#8220;1.5em&#8220; header_2_font_size_tablet=&#8220;50px&#8220; header_2_font_size_phone=&#8220;30px&#8220; header_2_font_size_last_edited=&#8220;on|phone&#8220; header_3_font_size_tablet=&#8220;1.5em&#8220; header_3_font_size_phone=&#8220;1.5em&#8220; header_3_font_size_last_edited=&#8220;on|phone&#8220; global_colors_info=&#8220;{}&#8220;]<\/p>\n<h3><strong>SANKA-POLKA<\/strong><\/h3>\n<p>b\u00f6hmische Polka von Klaus Karl<\/p>\n<p>Arrangement f\u00fcr Blasorchester\/B\u00f6hmische Blasmusik<\/p>\n<p><span><strong><\/strong><\/span><\/p>\n<p><span><strong>Grad<\/strong>: 3<br \/><\/span><span><strong>Dauer<\/strong>: 3&#8242;<\/span><\/p>\n<p><span><strong><\/strong><\/span><\/p>\n<p>[\/et_pb_text][et_pb_toggle title=&#8220;Mehr zum St\u00fcck&#8220; open_toggle_background_color=&#8220;RGBA(255,255,255,0)&#8220; closed_toggle_background_color=&#8220;RGBA(255,255,255,0)&#8220; icon_color=&#8220;#FFDE24&#8243; toggle_icon=&#8220;&#x47;||divi||400&#8243; use_icon_font_size=&#8220;on&#8220; icon_font_size=&#8220;15px&#8220; open_icon_color=&#8220;#FFDE24&#8243; open_toggle_icon=&#8220;&#x46;||divi||400&#8243; open_use_icon_font_size=&#8220;on&#8220; open_icon_font_size=&#8220;19px&#8220; _builder_version=&#8220;4.22.2&#8243; _module_preset=&#8220;default&#8220; title_text_color=&#8220;#474747&#8243; title_font=&#8220;Arial||||||||&#8220; body_font=&#8220;Arial||||||||&#8220; body_text_color=&#8220;#474747&#8243; custom_padding=&#8220;0px|0px|0px|0px|false|false&#8220; border_radii=&#8220;on|2px|2px|2px|2px&#8220; border_color_all=&#8220;#7D713B&#8220; global_colors_info=&#8220;{}&#8220;]<\/p>\n<h2><span style=\"color: #000000;\"><strong><u>Sanka-Polka<\/u><\/strong><\/span><\/h2>\n<p>b\u00f6hmische Polka von Klaus Karl<\/p>\n<p>Arrangement f\u00fcr Blasorchester\/B\u00f6hmische Blasmusik: Alois Wimmer<\/p>\n<p>[\/et_pb_toggle][et_pb_button button_url=&#8220;https:\/\/musikverlag-aloiswimmer.at\/wp-content\/uploads\/2023\/10\/01-Sanka-Polka-Partitur.pdf&#8220; url_new_window=&#8220;on&#8220; button_text=&#8220;Partitur downloaden&#8220; _builder_version=&#8220;4.22.2&#8243; _module_preset=&#8220;default&#8220; custom_button=&#8220;on&#8220; button_text_size=&#8220;15px&#8220; button_bg_color=&#8220;#FDE77B&#8220; button_font=&#8220;Arial||||||||&#8220; custom_margin=&#8220;||0px||false|false&#8220; global_colors_info=&#8220;{}&#8220;][\/et_pb_button][et_pb_cta _builder_version=&#8220;4.22.2&#8243; _module_preset=&#8220;default&#8220; header_font=&#8220;|||on|||||&#8220; header_text_color=&#8220;#000000&#8243; body_text_align=&#8220;right&#8220; body_text_color=&#8220;#7D713B&#8220; body_line_height=&#8220;0em&#8220; background_color=&#8220;RGBA(255,255,255,0)&#8220; transform_rotate=&#8220;0deg|340deg|0deg&#8220; transform_rotate_tablet=&#8220;0deg|0deg|0deg&#8220; module_alignment=&#8220;center&#8220; custom_padding=&#8220;1em|0px|0px|0px|false|false&#8220; locked=&#8220;off&#8220; global_colors_info=&#8220;{}&#8220;]<\/p>\n<p style=\"text-align: center;\"><a href=\"mailto:musikverlag-aloiswimmer@aon.at\"><span style=\"text-decoration: underline;\">hier bestellen<\/span><\/a> \u00a0\u00a0\u00a0\u00a0\u00a0\u00a0\u00a0\u00a0\u00a0\u00a0\u00a0\u00a0\u00a0 \u00a0 \u00a0 \u00a0 \u00a0\u00a0\u00a0\u00a0\u00a0 \u20ac 45,-<\/p>\n<p>[\/et_pb_cta][\/et_pb_column][\/et_pb_row][\/et_pb_section]<\/p>\n","protected":false},"excerpt":{"rendered":"<p>Volksmusik10 VOLKSMUSIKST\u00dcCKE DER GRESSN-KLARINETTENMUSI&#8220; 2-3 Klarinetten und Begleitung Grad: 2-4Dauer: je 2-3&#8217;10 Volksmusikst\u00fccke\u00a0 aus dem Repertoire der &#8222;Gressn &#8211; Klarinettenmusi&#8220; aufbereitet f\u00fcr \u201eNotenleser\u201c von Alois Wimmer \u00a0f\u00fcr 2 oder 3 Klarinetten in Bb (incl. Melodiestimmen in C) und Begleitung in C (Harmonika, Gitarre oder Harfe oder Hackbrett (nach Akkordbezifferung) und Bassinstrument in C oder Bassklarinette [&hellip;]<\/p>\n","protected":false},"author":2,"featured_media":0,"parent":0,"menu_order":0,"comment_status":"closed","ping_status":"closed","template":"","meta":{"_et_pb_use_builder":"on","_et_pb_old_content":"","_et_gb_content_width":"","footnotes":""},"class_list":["post-303","page","type-page","status-publish","hentry"],"_links":{"self":[{"href":"http:\/\/musikverlag-aloiswimmer.at\/index.php?rest_route=\/wp\/v2\/pages\/303","targetHints":{"allow":["GET"]}}],"collection":[{"href":"http:\/\/musikverlag-aloiswimmer.at\/index.php?rest_route=\/wp\/v2\/pages"}],"about":[{"href":"http:\/\/musikverlag-aloiswimmer.at\/index.php?rest_route=\/wp\/v2\/types\/page"}],"author":[{"embeddable":true,"href":"http:\/\/musikverlag-aloiswimmer.at\/index.php?rest_route=\/wp\/v2\/users\/2"}],"replies":[{"embeddable":true,"href":"http:\/\/musikverlag-aloiswimmer.at\/index.php?rest_route=%2Fwp%2Fv2%2Fcomments&post=303"}],"version-history":[{"count":61,"href":"http:\/\/musikverlag-aloiswimmer.at\/index.php?rest_route=\/wp\/v2\/pages\/303\/revisions"}],"predecessor-version":[{"id":3723,"href":"http:\/\/musikverlag-aloiswimmer.at\/index.php?rest_route=\/wp\/v2\/pages\/303\/revisions\/3723"}],"wp:attachment":[{"href":"http:\/\/musikverlag-aloiswimmer.at\/index.php?rest_route=%2Fwp%2Fv2%2Fmedia&parent=303"}],"curies":[{"name":"wp","href":"https:\/\/api.w.org\/{rel}","templated":true}]}}